{"id":303,"date":"2025-06-03T15:19:50","date_gmt":"2025-06-03T13:19:50","guid":{"rendered":"https:\/\/www.celozivotnakariera.sk\/?page_id=303"},"modified":"2025-06-03T15:42:22","modified_gmt":"2025-06-03T13:42:22","slug":"kontakt-na-prevadzkovatela","status":"publish","type":"page","link":"https:\/\/www.celozivotnakariera.sk\/index.php\/kontakt-na-prevadzkovatela\/","title":{"rendered":"Kontakt na prev\u00e1dzkovate\u013ea"},"content":{"rendered":"\t\t<div data-elementor-type=\"wp-page\" data-elementor-id=\"303\" class=\"elementor elementor-303\" data-elementor-post-type=\"page\">\n\t\t\t\t<div class=\"elementor-element elementor-element-8be83ac e-flex e-con-boxed e-con e-parent\" data-id=\"8be83ac\" data-element_type=\"container\" data-e-type=\"container\">\n\t\t\t\t\t<div class=\"e-con-inner\">\n\t\t\t\t<div class=\"elementor-element elementor-element-89b7f7b elementor-widget elementor-widget-heading\" data-id=\"89b7f7b\" data-element_type=\"widget\" data-e-type=\"widget\" data-widget_type=\"heading.default\">\n\t\t\t\t<div class=\"elementor-widget-container\">\n\t\t\t\t\t<h2 class=\"elementor-heading-title elementor-size-default\">\nKontakt na prev\u00e1dzkovate\u013ea<\/h2>\t\t\t\t<\/div>\n\t\t\t\t<\/div>\n\t\t\t\t<div class=\"elementor-element elementor-element-60dc9c7 elementor-widget elementor-widget-text-editor\" data-id=\"60dc9c7\" data-element_type=\"widget\" data-e-type=\"widget\" data-widget_type=\"text-editor.default\">\n\t\t\t\t<div class=\"elementor-widget-container\">\n\t\t\t\t\t\t\t\t\t<p>Prev\u00e1dzkovate\u013eom webov\u00e9ho s\u00eddla je <a href=\"https:\/\/www.alianciasr.sk\/\">Aliancia sektorov\u00fdch r\u00e1d<\/a>.<\/p><p class=\"govuk-body\"><strong>Aliancia sektorov\u00fdch r\u00e1d<br \/>Jaro\u0161ova 2961\/1<br \/>831 03 Bratislava<br \/>Slovensk\u00e1 republika<br \/><\/strong><\/p><p class=\"govuk-body\">I\u010cO: 55 209 491<\/p><p><a href=\"mailto:info@celozivotnakariera.sk\">info@celozivotnakariera.sk<\/a><\/p>\t\t\t\t\t\t\t\t<\/div>\n\t\t\t\t<\/div>\n\t\t\t\t\t<\/div>\n\t\t\t\t<\/div>\n\t\t\t\t<\/div>\n\t\t","protected":false},"excerpt":{"rendered":"<p>Kontakt na prev\u00e1dzkovate\u013ea Prev\u00e1dzkovate\u013eom webov\u00e9ho s\u00eddla je Aliancia sektorov\u00fdch r\u00e1d. Aliancia sektorov\u00fdch r\u00e1dJaro\u0161ova 2961\/1831 03 BratislavaSlovensk\u00e1 republika I\u010cO: 55 209 491 info@celozivotnakariera.sk<\/p>\n","protected":false},"author":1,"featured_media":0,"parent":0,"menu_order":0,"comment_status":"closed","ping_status":"closed","template":"","meta":{"footnotes":""},"class_list":["post-303","page","type-page","status-publish","hentry"],"_links":{"self":[{"href":"https:\/\/www.celozivotnakariera.sk\/index.php\/wp-json\/wp\/v2\/pages\/303","targetHints":{"allow":["GET"]}}],"collection":[{"href":"https:\/\/www.celozivotnakariera.sk\/index.php\/wp-json\/wp\/v2\/pages"}],"about":[{"href":"https:\/\/www.celozivotnakariera.sk\/index.php\/wp-json\/wp\/v2\/types\/page"}],"author":[{"embeddable":true,"href":"https:\/\/www.celozivotnakariera.sk\/index.php\/wp-json\/wp\/v2\/users\/1"}],"replies":[{"embeddable":true,"href":"https:\/\/www.celozivotnakariera.sk\/index.php\/wp-json\/wp\/v2\/comments?post=303"}],"version-history":[{"count":8,"href":"https:\/\/www.celozivotnakariera.sk\/index.php\/wp-json\/wp\/v2\/pages\/303\/revisions"}],"predecessor-version":[{"id":969,"href":"https:\/\/www.celozivotnakariera.sk\/index.php\/wp-json\/wp\/v2\/pages\/303\/revisions\/969"}],"wp:attachment":[{"href":"https:\/\/www.celozivotnakariera.sk\/index.php\/wp-json\/wp\/v2\/media?parent=303"}],"curies":[{"name":"wp","href":"https:\/\/api.w.org\/{rel}","templated":true}]}}