{"id":314,"date":"2025-06-03T16:03:16","date_gmt":"2025-06-03T14:03:16","guid":{"rendered":"https:\/\/www.celozivotnakariera.sk\/?page_id=314"},"modified":"2025-06-06T14:15:16","modified_gmt":"2025-06-06T12:15:16","slug":"ochrana-osobnych-udajov","status":"publish","type":"page","link":"https:\/\/www.celozivotnakariera.sk\/index.php\/ochrana-osobnych-udajov\/","title":{"rendered":"Ochrana osobn\u00fdch \u00fadajov"},"content":{"rendered":"\t\t<div data-elementor-type=\"wp-page\" data-elementor-id=\"314\" class=\"elementor elementor-314\" data-elementor-post-type=\"page\">\n\t\t\t\t<div class=\"elementor-element elementor-element-8ac9066 e-flex e-con-boxed e-con e-parent\" data-id=\"8ac9066\" data-element_type=\"container\" data-e-type=\"container\">\n\t\t\t\t\t<div class=\"e-con-inner\">\n\t\t\t\t<div class=\"elementor-element elementor-element-be75826 elementor-widget elementor-widget-heading\" data-id=\"be75826\" data-element_type=\"widget\" data-e-type=\"widget\" data-widget_type=\"heading.default\">\n\t\t\t\t<div class=\"elementor-widget-container\">\n\t\t\t\t\t<h2 class=\"elementor-heading-title elementor-size-default\">Ochrana osobn\u00fdch \u00fadajov<\/h2>\t\t\t\t<\/div>\n\t\t\t\t<\/div>\n\t\t\t\t<div class=\"elementor-element elementor-element-85faac3 elementor-widget elementor-widget-text-editor\" data-id=\"85faac3\" data-element_type=\"widget\" data-e-type=\"widget\" data-widget_type=\"text-editor.default\">\n\t\t\t\t<div class=\"elementor-widget-container\">\n\t\t\t\t\t\t\t\t\t<p class=\"govuk-body\">Prev\u00e1dzkovate\u013e webov\u00e9ho s\u00eddla Celo\u017eivotn\u00e1 kari\u00e9ra (\u010falej len \u201e<em>celozivotnakariera.sk<\/em>\u201c), Aliancia sektorov\u00fdch r\u00e1d so s\u00eddlom Jaro\u0161ova 2961\/1, 831 03, Bratislava, Slovensk\u00e1 republika, I\u010cO: 55 209 491, zap\u00edsanej v registri z\u00e1ujmov\u00fdch zdru\u017een\u00ed pr\u00e1vnick\u00fdch os\u00f4b vedenom Okresn\u00fdm \u00faradom v Bratislave, si v\u00e1\u017ei s\u00fakromie svojich n\u00e1v\u0161tevn\u00edkov a db\u00e1 na ochranu osobn\u00fdch \u00fadajov. Webov\u00e9 s\u00eddlo <em>celozivotnakariera.sk<\/em> je navrhnut\u00e9 s oh\u013eadom na bezpe\u010dnos\u0165 a jednoduchos\u0165, pri\u010dom nezbiera, neuchov\u00e1va ani nevy\u017eaduje \u017eiadne osobn\u00e9 \u00fadaje od pou\u017e\u00edvate\u013eov. <strong>Prihlasovanie do Pracovnej z\u00f3ny nie je integr\u00e1lnou s\u00fa\u010das\u0165ou tohto webov\u00e9ho s\u00eddla, a preto sa na\u0148 nevz\u0165ahuj\u00fa z\u00e1sady ochrany osobn\u00fdch \u00fadajov definovan\u00e9 pre toto s\u00eddlo.<\/strong><\/p><h3 class=\"govuk-heading-s\">\u017diadne zhroma\u017e\u010fovanie \u00fadajov<\/h3><p class=\"govuk-body\">Webov\u00e9 s\u00eddlo <em>celozivotnakariera.sk<\/em> neobsahuje \u017eiadne formul\u00e1re, polia ani mechanizmy, ktor\u00e9 by umo\u017e\u0148ovali zad\u00e1vanie alebo ukladanie osobn\u00fdch \u00fadajov. V\u0161etky inform\u00e1cie dostupn\u00e9 na tejto str\u00e1nke s\u00fa verejne pr\u00edstupn\u00e9 a nevy\u017eaduj\u00fa \u017eiadnu registr\u00e1ciu, prihl\u00e1senie ani poskytovanie \u00fadajov.\u00a0<\/p><h3 class=\"govuk-heading-s\">Bezpe\u010dn\u00e9 prehliadanie<\/h3><p class=\"govuk-body\">Na\u0161ou prioritou je poskytn\u00fa\u0165 bezpe\u010dn\u00e9 prostredie pre v\u0161etk\u00fdch n\u00e1v\u0161tevn\u00edkov. Webov\u00e9 s\u00eddlo je optimalizovan\u00e9 na to, aby ste mohli bez ob\u00e1v z\u00edskava\u0165 potrebn\u00e9 inform\u00e1cie a vyu\u017e\u00edva\u0165 jej funkcie.<\/p><h3 class=\"govuk-heading-s\">Va\u0161e s\u00fakromie je pre n\u00e1s d\u00f4le\u017eit\u00e9<\/h3><p class=\"govuk-body\">Ke\u010f\u017ee webov\u00e9 s\u00eddlo <em>celozivotnakariera.sk<\/em> nepracuje s osobn\u00fdmi \u00fadajmi, nie je potrebn\u00e9 poskytova\u0165 s\u00fahlas s ich spracovan\u00edm. Ak by sa v bud\u00facnosti pridali funkcie, ktor\u00e9 by si vy\u017eadovali spracovanie osobn\u00fdch \u00fadajov, budete o tom v\u010das a transparentne informovan\u00ed, v s\u00falade s platnou legislat\u00edvou.<\/p>\t\t\t\t\t\t\t\t<\/div>\n\t\t\t\t<\/div>\n\t\t\t\t\t<\/div>\n\t\t\t\t<\/div>\n\t\t\t\t<\/div>\n\t\t","protected":false},"excerpt":{"rendered":"<p>Ochrana osobn\u00fdch \u00fadajov Prev\u00e1dzkovate\u013e webov\u00e9ho s\u00eddla Celo\u017eivotn\u00e1 kari\u00e9ra (\u010falej len \u201ecelozivotnakariera.sk\u201c), Aliancia sektorov\u00fdch r\u00e1d so s\u00eddlom Jaro\u0161ova 2961\/1, 831 03, Bratislava, Slovensk\u00e1 republika, I\u010cO: 55 209 491, zap\u00edsanej v registri z\u00e1ujmov\u00fdch zdru\u017een\u00ed pr\u00e1vnick\u00fdch os\u00f4b vedenom Okresn\u00fdm \u00faradom v Bratislave, si v\u00e1\u017ei s\u00fakromie svojich n\u00e1v\u0161tevn\u00edkov a db\u00e1 na ochranu osobn\u00fdch \u00fadajov. Webov\u00e9 s\u00eddlo celozivotnakariera.sk je navrhnut\u00e9 [&hellip;]<\/p>\n","protected":false},"author":1,"featured_media":0,"parent":0,"menu_order":0,"comment_status":"closed","ping_status":"closed","template":"","meta":{"footnotes":""},"class_list":["post-314","page","type-page","status-publish","hentry"],"_links":{"self":[{"href":"https:\/\/www.celozivotnakariera.sk\/index.php\/wp-json\/wp\/v2\/pages\/314","targetHints":{"allow":["GET"]}}],"collection":[{"href":"https:\/\/www.celozivotnakariera.sk\/index.php\/wp-json\/wp\/v2\/pages"}],"about":[{"href":"https:\/\/www.celozivotnakariera.sk\/index.php\/wp-json\/wp\/v2\/types\/page"}],"author":[{"embeddable":true,"href":"https:\/\/www.celozivotnakariera.sk\/index.php\/wp-json\/wp\/v2\/users\/1"}],"replies":[{"embeddable":true,"href":"https:\/\/www.celozivotnakariera.sk\/index.php\/wp-json\/wp\/v2\/comments?post=314"}],"version-history":[{"count":13,"href":"https:\/\/www.celozivotnakariera.sk\/index.php\/wp-json\/wp\/v2\/pages\/314\/revisions"}],"predecessor-version":[{"id":333,"href":"https:\/\/www.celozivotnakariera.sk\/index.php\/wp-json\/wp\/v2\/pages\/314\/revisions\/333"}],"wp:attachment":[{"href":"https:\/\/www.celozivotnakariera.sk\/index.php\/wp-json\/wp\/v2\/media?parent=314"}],"curies":[{"name":"wp","href":"https:\/\/api.w.org\/{rel}","templated":true}]}}