{"id":335,"date":"2025-06-09T09:52:59","date_gmt":"2025-06-09T07:52:59","guid":{"rendered":"https:\/\/www.celozivotnakariera.sk\/?page_id=335"},"modified":"2025-06-11T15:11:10","modified_gmt":"2025-06-11T13:11:10","slug":"informacie-o-spracuvani-suborov-cookies","status":"publish","type":"page","link":"https:\/\/www.celozivotnakariera.sk\/index.php\/informacie-o-spracuvani-suborov-cookies\/","title":{"rendered":"Inform\u00e1cie o sprac\u00favan\u00ed s\u00faborov cookies"},"content":{"rendered":"\t\t<div data-elementor-type=\"wp-page\" data-elementor-id=\"335\" class=\"elementor elementor-335\" data-elementor-post-type=\"page\">\n\t\t\t\t<div class=\"elementor-element elementor-element-68422a2 e-flex e-con-boxed e-con e-parent\" data-id=\"68422a2\" data-element_type=\"container\" data-e-type=\"container\">\n\t\t\t\t\t<div class=\"e-con-inner\">\n\t\t\t\t<div class=\"elementor-element elementor-element-6b11189 elementor-widget elementor-widget-heading\" data-id=\"6b11189\" data-element_type=\"widget\" data-e-type=\"widget\" data-widget_type=\"heading.default\">\n\t\t\t\t<div class=\"elementor-widget-container\">\n\t\t\t\t\t<h2 class=\"elementor-heading-title elementor-size-default\">Inform\u00e1cie o sprac\u00favan\u00ed s\u00faborov cookies<\/h2>\t\t\t\t<\/div>\n\t\t\t\t<\/div>\n\t\t\t\t<div class=\"elementor-element elementor-element-5cdd4c7 elementor-widget elementor-widget-text-editor\" data-id=\"5cdd4c7\" data-element_type=\"widget\" data-e-type=\"widget\" data-widget_type=\"text-editor.default\">\n\t\t\t\t<div class=\"elementor-widget-container\">\n\t\t\t\t\t\t\t\t\t<p data-start=\"242\" data-end=\"619\">Webov\u00e9 s\u00eddlo <strong data-start=\"255\" data-end=\"284\">www.celozivotnakariera.sk<\/strong> (\u010falej len \u201ewebov\u00e9 s\u00eddlo\u201c) prev\u00e1dzkovan\u00e9 <strong data-start=\"326\" data-end=\"355\">Alianciou sektorov\u00fdch r\u00e1d<\/strong>, so s\u00eddlom Jaro\u0161ova 2961\/1, 831 03 Bratislava, Slovensk\u00e1 republika, I\u010cO: 55 209 491, zap\u00edsanou v registri z\u00e1ujmov\u00fdch zdru\u017een\u00ed pr\u00e1vnick\u00fdch os\u00f4b vedenom Okresn\u00fdm \u00faradom v Bratislave (\u010falej len \u201eprev\u00e1dzkovate\u013e\u201c), pou\u017e\u00edva na svojej webovej str\u00e1nke s\u00fabory <strong data-start=\"607\" data-end=\"618\">cookies<\/strong>.<\/p><h4 data-start=\"621\" data-end=\"640\">\u010co s\u00fa cookies?<\/h4><p data-start=\"642\" data-end=\"913\">Cookies s\u00fa mal\u00e9 textov\u00e9 s\u00fabory, ktor\u00e9 sa pri n\u00e1v\u0161teve webov\u00e9ho s\u00eddla ukladaj\u00fa do V\u00e1\u0161ho zariadenia (napr. po\u010d\u00edta\u010da, smartf\u00f3nu alebo tabletu). Pom\u00e1haj\u00fa zlep\u0161i\u0165 funk\u010dnos\u0165 webov\u00e9ho s\u00eddla, prisp\u00f4sobi\u0165 jeho obsah a umo\u017eni\u0165 zber anonymn\u00fdch \u0161tatistick\u00fdch \u00fadajov o jeho pou\u017e\u00edvan\u00ed.<\/p><h4 data-start=\"915\" data-end=\"947\">Ak\u00e9 typy cookies pou\u017e\u00edvame?<\/h4><p data-start=\"949\" data-end=\"1011\">Na na\u0161om webovom s\u00eddle pou\u017e\u00edvame iba nasleduj\u00face typy cookies:<\/p><ul data-start=\"1013\" data-end=\"1414\"><li data-start=\"1013\" data-end=\"1183\"><p data-start=\"1015\" data-end=\"1183\"><strong data-start=\"1015\" data-end=\"1034\">Funk\u010dn\u00e9 cookies<\/strong> \u2013 s\u00fa nevyhnutn\u00e9 na zabezpe\u010denie spr\u00e1vneho fungovania webov\u00e9ho s\u00eddla a jeho z\u00e1kladn\u00fdch funkci\u00ed. Tieto cookies sa pou\u017e\u00edvaj\u00fa bez potreby V\u00e1\u0161ho s\u00fahlasu.<\/p><\/li><li data-start=\"1187\" data-end=\"1414\"><p data-start=\"1189\" data-end=\"1414\"><strong data-start=\"1189\" data-end=\"1212\">\u0160tatistick\u00e9 cookies<\/strong> \u2013 sl\u00fa\u017eia na anonymn\u00fd zber a anal\u00fdzu \u00fadajov o pou\u017e\u00edvan\u00ed webov\u00e9ho s\u00eddla s cie\u013eom zlep\u0161ova\u0165 jeho obsah a pou\u017e\u00edvate\u013esk\u00fa sk\u00fasenos\u0165. Tieto cookies s\u00fa sprac\u00favan\u00e9 na z\u00e1klade opr\u00e1vnen\u00e9ho z\u00e1ujmu prev\u00e1dzkovate\u013ea.<\/p><\/li><\/ul><h4 data-start=\"1416\" data-end=\"1435\">Spr\u00e1va cookies<\/h4><p>Ke\u010f nav\u0161t\u00edvite webov\u00e9 s\u00eddlo prv\u00fdkr\u00e1t, uk\u00e1\u017eeme v\u00e1m kontextov\u00e9 okno s vysvetlen\u00edm o s\u00faboroch cookie. Akon\u00e1hle kliknete na \u201ePrija\u0165\u201c, s\u00fahlas\u00edte s t\u00fdm, \u017ee pou\u017eijeme kateg\u00f3rie s\u00faborov cookie a doplnkov, ktor\u00e9 ste vybrali v kontextovom okne, ako je to pop\u00edsan\u00e9 v t\u00fdchto z\u00e1sad\u00e1ch pou\u017e\u00edvania s\u00faborov cookie. Pou\u017e\u00edvanie s\u00faborov cookie m\u00f4\u017eete zak\u00e1za\u0165 prostredn\u00edctvom svojho prehliada\u010da, ale upozor\u0148ujeme, \u017ee n\u00e1\u0161 web u\u017e nemus\u00ed spr\u00e1vne fungova\u0165.<\/p><h4 class=\"wp-block-heading\">Povolenie\/zak\u00e1zanie a odstra\u0148ovanie s\u00faborov cookie<\/h4><p>V\u00e1\u0161 internetov\u00fd prehliada\u010d m\u00f4\u017eete pou\u017ei\u0165 na automatick\u00e9 alebo manu\u00e1lne mazanie cookies. M\u00f4\u017eete tie\u017e \u0161pecifikova\u0165, \u017ee niektor\u00e9 s\u00fabory cookie nemusia by\u0165 umiestnen\u00e9. \u010eal\u0161ou mo\u017enos\u0165ou je zmeni\u0165 nastavenia svojho internetov\u00e9ho prehliada\u010da tak, aby ste dostali spr\u00e1vu v\u017edy, ke\u010f sa umiestni s\u00fabor cookie. \u010eal\u0161ie inform\u00e1cie o t\u00fdchto mo\u017enostiach n\u00e1jdete v pokynoch v \u010dasti Pomocn\u00edk v\u00e1\u0161ho prehliada\u010da.<\/p><h4 data-start=\"1845\" data-end=\"1864\">Prev\u00e1dzkovate\u013e<\/h4><p data-start=\"1866\" data-end=\"2051\">Aliancia sektorov\u00fdch r\u00e1d<br data-start=\"1890\" data-end=\"1893\" \/>Jaro\u0161ova 2961\/1, 831 03 Bratislava<br data-start=\"1927\" data-end=\"1930\" \/>Slovensk\u00e1 republika<br data-start=\"1949\" data-end=\"1952\" \/>I\u010cO: 55 209 491<br data-start=\"1967\" data-end=\"1970\" \/>Kontaktn\u00fd e-mail: <a class=\"cursor-pointer\" href=\"mailto:info@celozivotnakariera.sk\" rel=\"noopener\" data-start=\"1988\" data-end=\"2051\">info@celozivotnakariera.sk<\/a><\/p>\t\t\t\t\t\t\t\t<\/div>\n\t\t\t\t<\/div>\n\t\t\t\t\t<\/div>\n\t\t\t\t<\/div>\n\t\t\t\t<\/div>\n\t\t","protected":false},"excerpt":{"rendered":"<p>Inform\u00e1cie o sprac\u00favan\u00ed s\u00faborov cookies Webov\u00e9 s\u00eddlo www.celozivotnakariera.sk (\u010falej len \u201ewebov\u00e9 s\u00eddlo\u201c) prev\u00e1dzkovan\u00e9 Alianciou sektorov\u00fdch r\u00e1d, so s\u00eddlom Jaro\u0161ova 2961\/1, 831 03 Bratislava, Slovensk\u00e1 republika, I\u010cO: 55 209 491, zap\u00edsanou v registri z\u00e1ujmov\u00fdch zdru\u017een\u00ed pr\u00e1vnick\u00fdch os\u00f4b vedenom Okresn\u00fdm \u00faradom v Bratislave (\u010falej len \u201eprev\u00e1dzkovate\u013e\u201c), pou\u017e\u00edva na svojej webovej str\u00e1nke s\u00fabory cookies. \u010co s\u00fa cookies? Cookies [&hellip;]<\/p>\n","protected":false},"author":1,"featured_media":0,"parent":0,"menu_order":0,"comment_status":"closed","ping_status":"closed","template":"","meta":{"footnotes":""},"class_list":["post-335","page","type-page","status-publish","hentry"],"_links":{"self":[{"href":"https:\/\/www.celozivotnakariera.sk\/index.php\/wp-json\/wp\/v2\/pages\/335","targetHints":{"allow":["GET"]}}],"collection":[{"href":"https:\/\/www.celozivotnakariera.sk\/index.php\/wp-json\/wp\/v2\/pages"}],"about":[{"href":"https:\/\/www.celozivotnakariera.sk\/index.php\/wp-json\/wp\/v2\/types\/page"}],"author":[{"embeddable":true,"href":"https:\/\/www.celozivotnakariera.sk\/index.php\/wp-json\/wp\/v2\/users\/1"}],"replies":[{"embeddable":true,"href":"https:\/\/www.celozivotnakariera.sk\/index.php\/wp-json\/wp\/v2\/comments?post=335"}],"version-history":[{"count":19,"href":"https:\/\/www.celozivotnakariera.sk\/index.php\/wp-json\/wp\/v2\/pages\/335\/revisions"}],"predecessor-version":[{"id":580,"href":"https:\/\/www.celozivotnakariera.sk\/index.php\/wp-json\/wp\/v2\/pages\/335\/revisions\/580"}],"wp:attachment":[{"href":"https:\/\/www.celozivotnakariera.sk\/index.php\/wp-json\/wp\/v2\/media?parent=335"}],"curies":[{"name":"wp","href":"https:\/\/api.w.org\/{rel}","templated":true}]}}