{"id":46,"date":"2025-05-26T12:23:48","date_gmt":"2025-05-26T10:23:48","guid":{"rendered":"https:\/\/www.celozivotnakariera.sk\/?page_id=46"},"modified":"2025-06-25T14:05:33","modified_gmt":"2025-06-25T12:05:33","slug":"pracovna-zona","status":"publish","type":"page","link":"https:\/\/www.celozivotnakariera.sk\/index.php\/pracovna-zona\/","title":{"rendered":"Pracovn\u00e1 z\u00f3na"},"content":{"rendered":"\t\t<div data-elementor-type=\"wp-page\" data-elementor-id=\"46\" class=\"elementor elementor-46\" data-elementor-post-type=\"page\">\n\t\t\t\t<div class=\"elementor-element elementor-element-d31d605 e-flex e-con-boxed e-con e-parent\" data-id=\"d31d605\" data-element_type=\"container\" data-e-type=\"container\">\n\t\t\t\t\t<div class=\"e-con-inner\">\n\t\t\t\t<div class=\"elementor-element elementor-element-fd22909 elementor-widget elementor-widget-heading\" data-id=\"fd22909\" data-element_type=\"widget\" data-e-type=\"widget\" data-widget_type=\"heading.default\">\n\t\t\t\t<div class=\"elementor-widget-container\">\n\t\t\t\t\t<h2 class=\"elementor-heading-title elementor-size-default\">Pracovn\u00e1 z\u00f3na<\/h2>\t\t\t\t<\/div>\n\t\t\t\t<\/div>\n\t\t\t\t<div class=\"elementor-element elementor-element-f6a2ec4 elementor-widget elementor-widget-text-editor\" data-id=\"f6a2ec4\" data-element_type=\"widget\" data-e-type=\"widget\" data-widget_type=\"text-editor.default\">\n\t\t\t\t<div class=\"elementor-widget-container\">\n\t\t\t\t\t\t\t\t\t<p>Pracovn\u00e1 z\u00f3na je zdie\u013ean\u00e9 \u00falo\u017eisko ur\u010den\u00e9 pre expertov zapojen\u00fdch do projektu. Sl\u00fa\u017ei na bezpe\u010dn\u00fd pr\u00edstup k pracovn\u00fdm dokumentom, ich nahr\u00e1vanie a zdie\u013eanie.<\/p>\t\t\t\t\t\t\t\t<\/div>\n\t\t\t\t<\/div>\n\t\t\t\t<div class=\"elementor-element elementor-element-195cdef elementor-align-center elementor-widget elementor-widget-button\" data-id=\"195cdef\" data-element_type=\"widget\" data-e-type=\"widget\" data-widget_type=\"button.default\">\n\t\t\t\t<div class=\"elementor-widget-container\">\n\t\t\t\t\t\t\t\t\t<div class=\"elementor-button-wrapper\">\n\t\t\t\t\t<a class=\"elementor-button elementor-button-link elementor-size-sm\" href=\"http:\/\/pracovnazona.celozivotnakariera.sk\/\">\n\t\t\t\t\t\t<span class=\"elementor-button-content-wrapper\">\n\t\t\t\t\t\t\t\t\t<span class=\"elementor-button-text\">VSTUP<\/span>\n\t\t\t\t\t<\/span>\n\t\t\t\t\t<\/a>\n\t\t\t\t<\/div>\n\t\t\t\t\t\t\t\t<\/div>\n\t\t\t\t<\/div>\n\t\t\t\t\t<\/div>\n\t\t\t\t<\/div>\n\t\t\t\t<\/div>\n\t\t","protected":false},"excerpt":{"rendered":"<p>Pracovn\u00e1 z\u00f3na Pracovn\u00e1 z\u00f3na je zdie\u013ean\u00e9 \u00falo\u017eisko ur\u010den\u00e9 pre expertov zapojen\u00fdch do projektu. Sl\u00fa\u017ei na bezpe\u010dn\u00fd pr\u00edstup k pracovn\u00fdm dokumentom, ich nahr\u00e1vanie a zdie\u013eanie. VSTUP<\/p>\n","protected":false},"author":1,"featured_media":0,"parent":0,"menu_order":0,"comment_status":"closed","ping_status":"closed","template":"","meta":{"footnotes":""},"class_list":["post-46","page","type-page","status-publish","hentry"],"_links":{"self":[{"href":"https:\/\/www.celozivotnakariera.sk\/index.php\/wp-json\/wp\/v2\/pages\/46","targetHints":{"allow":["GET"]}}],"collection":[{"href":"https:\/\/www.celozivotnakariera.sk\/index.php\/wp-json\/wp\/v2\/pages"}],"about":[{"href":"https:\/\/www.celozivotnakariera.sk\/index.php\/wp-json\/wp\/v2\/types\/page"}],"author":[{"embeddable":true,"href":"https:\/\/www.celozivotnakariera.sk\/index.php\/wp-json\/wp\/v2\/users\/1"}],"replies":[{"embeddable":true,"href":"https:\/\/www.celozivotnakariera.sk\/index.php\/wp-json\/wp\/v2\/comments?post=46"}],"version-history":[{"count":19,"href":"https:\/\/www.celozivotnakariera.sk\/index.php\/wp-json\/wp\/v2\/pages\/46\/revisions"}],"predecessor-version":[{"id":708,"href":"https:\/\/www.celozivotnakariera.sk\/index.php\/wp-json\/wp\/v2\/pages\/46\/revisions\/708"}],"wp:attachment":[{"href":"https:\/\/www.celozivotnakariera.sk\/index.php\/wp-json\/wp\/v2\/media?parent=46"}],"curies":[{"name":"wp","href":"https:\/\/api.w.org\/{rel}","templated":true}]}}