{"id":51,"date":"2025-05-26T12:24:55","date_gmt":"2025-05-26T10:24:55","guid":{"rendered":"https:\/\/www.celozivotnakariera.sk\/?page_id=51"},"modified":"2025-07-17T09:47:27","modified_gmt":"2025-07-17T07:47:27","slug":"uzitocne-odkazy","status":"publish","type":"page","link":"https:\/\/www.celozivotnakariera.sk\/index.php\/uzitocne-odkazy\/","title":{"rendered":"U\u017eito\u010dn\u00e9 odkazy"},"content":{"rendered":"\t\t<div data-elementor-type=\"wp-page\" data-elementor-id=\"51\" class=\"elementor elementor-51\" data-elementor-post-type=\"page\">\n\t\t\t\t<div class=\"elementor-element elementor-element-6e9b290 e-flex e-con-boxed e-con e-parent\" data-id=\"6e9b290\" data-element_type=\"container\" data-e-type=\"container\">\n\t\t\t\t\t<div class=\"e-con-inner\">\n\t\t\t\t<div class=\"elementor-element elementor-element-8797c85 elementor-widget elementor-widget-heading\" data-id=\"8797c85\" data-element_type=\"widget\" data-e-type=\"widget\" data-widget_type=\"heading.default\">\n\t\t\t\t<div class=\"elementor-widget-container\">\n\t\t\t\t\t<h2 class=\"elementor-heading-title elementor-size-default\">U\u017eito\u010dn\u00e9 odkazy<\/h2>\t\t\t\t<\/div>\n\t\t\t\t<\/div>\n\t\t\t\t<div class=\"elementor-element elementor-element-3b629d7 elementor-widget elementor-widget-heading\" data-id=\"3b629d7\" data-element_type=\"widget\" data-e-type=\"widget\" data-widget_type=\"heading.default\">\n\t\t\t\t<div class=\"elementor-widget-container\">\n\t\t\t\t\t<h2 class=\"elementor-heading-title elementor-size-default\"><a href=\"https:\/\/www.agemanagement.sk\/\">Slovensk\u00e1 asoci\u00e1cia age managementu (SAAM)<\/a><\/h2>\t\t\t\t<\/div>\n\t\t\t\t<\/div>\n\t\t\t\t<div class=\"elementor-element elementor-element-f281003 elementor-widget elementor-widget-text-editor\" data-id=\"f281003\" data-element_type=\"widget\" data-e-type=\"widget\" data-widget_type=\"text-editor.default\">\n\t\t\t\t<div class=\"elementor-widget-container\">\n\t\t\t\t\t\t\t\t\t<p>Podporuje udr\u017eate\u013enos\u0165 pracovnej schopnosti a rozvoj vekov\u00e9ho mana\u017ementu na slovensk\u00fdch pracovisk\u00e1ch.<\/p>\t\t\t\t\t\t\t\t<\/div>\n\t\t\t\t<\/div>\n\t\t\t\t<div class=\"elementor-element elementor-element-649284e elementor-widget elementor-widget-heading\" data-id=\"649284e\" data-element_type=\"widget\" data-e-type=\"widget\" data-widget_type=\"heading.default\">\n\t\t\t\t<div class=\"elementor-widget-container\">\n\t\t\t\t\t<h2 class=\"elementor-heading-title elementor-size-default\"><a href=\"https:\/\/www.agemanagement.cz\/\">Age Management, z. s. (\u010cR)<\/a><\/h2>\t\t\t\t<\/div>\n\t\t\t\t<\/div>\n\t\t\t\t<div class=\"elementor-element elementor-element-3cc7379 elementor-widget elementor-widget-text-editor\" data-id=\"3cc7379\" data-element_type=\"widget\" data-e-type=\"widget\" data-widget_type=\"text-editor.default\">\n\t\t\t\t<div class=\"elementor-widget-container\">\n\t\t\t\t\t\t\t\t\t<p>Dlhodobo rozv\u00edja vekov\u00fd mana\u017ement prostredn\u00edctvom v\u00fdskumu, projektov a praktick\u00fdch n\u00e1strojov vr\u00e1tane hodnotenia pracovnej schopnosti (WAI).<\/p>\t\t\t\t\t\t\t\t<\/div>\n\t\t\t\t<\/div>\n\t\t\t\t<div class=\"elementor-element elementor-element-1a97fec elementor-widget elementor-widget-heading\" data-id=\"1a97fec\" data-element_type=\"widget\" data-e-type=\"widget\" data-widget_type=\"heading.default\">\n\t\t\t\t<div class=\"elementor-widget-container\">\n\t\t\t\t\t<h2 class=\"elementor-heading-title elementor-size-default\"><a href=\"https:\/\/www.blikopwerk.nl\/\">Blik Op Werk (NL)<\/a><\/h2>\t\t\t\t<\/div>\n\t\t\t\t<\/div>\n\t\t\t\t<div class=\"elementor-element elementor-element-6307a4d elementor-widget elementor-widget-text-editor\" data-id=\"6307a4d\" data-element_type=\"widget\" data-e-type=\"widget\" data-widget_type=\"text-editor.default\">\n\t\t\t\t<div class=\"elementor-widget-container\">\n\t\t\t\t\t\t\t\t\t<p>Holandsk\u00e1 platforma zameran\u00e1 na podporu pracovnej schopnosti, ktor\u00e1 aplikuje princ\u00edpy age managementu a spravuje n\u00e1rodn\u00fa datab\u00e1zu hodnotenia pracovnej schopnosti (WAI). <span data-olk-copy-source=\"MessageBody\">Webov\u00e1 str\u00e1nka je v holandskom jazyku.<\/span><\/p>\t\t\t\t\t\t\t\t<\/div>\n\t\t\t\t<\/div>\n\t\t\t\t<div class=\"elementor-element elementor-element-1d17817 elementor-widget elementor-widget-heading\" data-id=\"1d17817\" data-element_type=\"widget\" data-e-type=\"widget\" data-widget_type=\"heading.default\">\n\t\t\t\t<div class=\"elementor-widget-container\">\n\t\t\t\t\t<h2 class=\"elementor-heading-title elementor-size-default\"><a href=\"https:\/\/www.agemanagement.cz\/studie-posouzeni-urovne-pracovni-schopnosti-zamestnancu-v-cr\/%20\">\u0160t\u00fadia pos\u00fadenia \u00farovne pracovnej schopnosti zamestnancov v \u010cR <\/a><\/h2>\t\t\t\t<\/div>\n\t\t\t\t<\/div>\n\t\t\t\t<div class=\"elementor-element elementor-element-2625916 elementor-widget elementor-widget-text-editor\" data-id=\"2625916\" data-element_type=\"widget\" data-e-type=\"widget\" data-widget_type=\"text-editor.default\">\n\t\t\t\t<div class=\"elementor-widget-container\">\n\t\t\t\t\t\t\t\t\t<p>Prin\u00e1\u0161a v\u00fdsledky hodnotenia pracovnej schopnosti (WAI) s cie\u013eom vyu\u017ei\u0165 medzin\u00e1rodn\u00e9 sk\u00fasenosti v \u010deskom prostred\u00ed a zamera\u0165 sa na tri najohrozenej\u0161ie sektory.<\/p>\t\t\t\t\t\t\t\t<\/div>\n\t\t\t\t<\/div>\n\t\t\t\t<div class=\"elementor-element elementor-element-cfccec3 elementor-widget elementor-widget-heading\" data-id=\"cfccec3\" data-element_type=\"widget\" data-e-type=\"widget\" data-widget_type=\"heading.default\">\n\t\t\t\t<div class=\"elementor-widget-container\">\n\t\t\t\t\t<h2 class=\"elementor-heading-title elementor-size-default\"><a href=\"https:\/\/www.kozsr.sk\/wp-content\/uploads\/2023\/12\/AV21_Podpora-aktivneho-starnutia_sablona.pdf%20\">Podpora akt\u00edvneho starnutia<\/a><\/h2>\t\t\t\t<\/div>\n\t\t\t\t<\/div>\n\t\t\t\t<div class=\"elementor-element elementor-element-0e3a816 elementor-widget elementor-widget-text-editor\" data-id=\"0e3a816\" data-element_type=\"widget\" data-e-type=\"widget\" data-widget_type=\"text-editor.default\">\n\t\t\t\t<div class=\"elementor-widget-container\">\n\t\t\t\t\t\t\t\t\t<p>Analytick\u00fd dokument Konfeder\u00e1cie odborov\u00fdch zv\u00e4zov Slovenskej republiky (KOZ SR), ktor\u00fd sa venuje podpore star\u0161\u00edch zamestnancov v kontexte priemyseln\u00fdch zmien a starnutia popul\u00e1cie naprie\u010d sektormi hospod\u00e1rstva.<\/p>\t\t\t\t\t\t\t\t<\/div>\n\t\t\t\t<\/div>\n\t\t\t\t<div class=\"elementor-element elementor-element-ed37420 elementor-widget elementor-widget-heading\" data-id=\"ed37420\" data-element_type=\"widget\" data-e-type=\"widget\" data-widget_type=\"heading.default\">\n\t\t\t\t<div class=\"elementor-widget-container\">\n\t\t\t\t\t<h2 class=\"elementor-heading-title elementor-size-default\"><a href=\"https:\/\/www.kozsr.sk\/wp-content\/uploads\/2023\/12\/AV24_NPAS.pdf\">Z\u00e1sady vekov\u00e9ho mana\u017ementu v praxi a mo\u017enosti uplatnenia z\u00e1sad v kolekt\u00edvnom vyjedn\u00e1van\u00ed<\/a><\/h2>\t\t\t\t<\/div>\n\t\t\t\t<\/div>\n\t\t\t\t<div class=\"elementor-element elementor-element-13157a1 elementor-widget elementor-widget-text-editor\" data-id=\"13157a1\" data-element_type=\"widget\" data-e-type=\"widget\" data-widget_type=\"text-editor.default\">\n\t\t\t\t<div class=\"elementor-widget-container\">\n\t\t\t\t\t\t\t\t\t<p>Analytick\u00fd dokument Konfeder\u00e1cie odborov\u00fdch zv\u00e4zov Slovenskej republiky (KOZ SR), ktor\u00fd sa zaober\u00e1 dopadmi demografick\u00fdch zmien na pracovn\u00fa silu, rozprac\u00fava z\u00e1sady vekov\u00e9ho mana\u017ementu v praxi a sk\u00fama mo\u017enosti ich uplatnenia v kolekt\u00edvnom vyjedn\u00e1van\u00ed.<\/p>\t\t\t\t\t\t\t\t<\/div>\n\t\t\t\t<\/div>\n\t\t\t\t\t<\/div>\n\t\t\t\t<\/div>\n\t\t<div class=\"elementor-element elementor-element-9e4c4f7 e-flex e-con-boxed e-con e-parent\" data-id=\"9e4c4f7\" data-element_type=\"container\" data-e-type=\"container\">\n\t\t\t\t\t<div class=\"e-con-inner\">\n\t\t\t\t\t<\/div>\n\t\t\t\t<\/div>\n\t\t\t\t<\/div>\n\t\t","protected":false},"excerpt":{"rendered":"<p>U\u017eito\u010dn\u00e9 odkazy Slovensk\u00e1 asoci\u00e1cia age managementu (SAAM) Podporuje udr\u017eate\u013enos\u0165 pracovnej schopnosti a rozvoj vekov\u00e9ho mana\u017ementu na slovensk\u00fdch pracovisk\u00e1ch. Age Management, z. s. (\u010cR) Dlhodobo rozv\u00edja vekov\u00fd mana\u017ement prostredn\u00edctvom v\u00fdskumu, projektov a praktick\u00fdch n\u00e1strojov vr\u00e1tane hodnotenia pracovnej schopnosti (WAI). Blik Op Werk (NL) Holandsk\u00e1 platforma zameran\u00e1 na podporu pracovnej schopnosti, ktor\u00e1 aplikuje princ\u00edpy age managementu a [&hellip;]<\/p>\n","protected":false},"author":1,"featured_media":0,"parent":0,"menu_order":0,"comment_status":"closed","ping_status":"closed","template":"","meta":{"footnotes":""},"class_list":["post-51","page","type-page","status-publish","hentry"],"_links":{"self":[{"href":"https:\/\/www.celozivotnakariera.sk\/index.php\/wp-json\/wp\/v2\/pages\/51","targetHints":{"allow":["GET"]}}],"collection":[{"href":"https:\/\/www.celozivotnakariera.sk\/index.php\/wp-json\/wp\/v2\/pages"}],"about":[{"href":"https:\/\/www.celozivotnakariera.sk\/index.php\/wp-json\/wp\/v2\/types\/page"}],"author":[{"embeddable":true,"href":"https:\/\/www.celozivotnakariera.sk\/index.php\/wp-json\/wp\/v2\/users\/1"}],"replies":[{"embeddable":true,"href":"https:\/\/www.celozivotnakariera.sk\/index.php\/wp-json\/wp\/v2\/comments?post=51"}],"version-history":[{"count":52,"href":"https:\/\/www.celozivotnakariera.sk\/index.php\/wp-json\/wp\/v2\/pages\/51\/revisions"}],"predecessor-version":[{"id":859,"href":"https:\/\/www.celozivotnakariera.sk\/index.php\/wp-json\/wp\/v2\/pages\/51\/revisions\/859"}],"wp:attachment":[{"href":"https:\/\/www.celozivotnakariera.sk\/index.php\/wp-json\/wp\/v2\/media?parent=51"}],"curies":[{"name":"wp","href":"https:\/\/api.w.org\/{rel}","templated":true}]}}