{"id":583,"date":"2025-06-11T15:13:47","date_gmt":"2025-06-11T13:13:47","guid":{"rendered":"https:\/\/www.celozivotnakariera.sk\/?page_id=583"},"modified":"2025-06-30T14:25:39","modified_gmt":"2025-06-30T12:25:39","slug":"vyhlasenie-o-pristupnosti","status":"publish","type":"page","link":"https:\/\/www.celozivotnakariera.sk\/index.php\/vyhlasenie-o-pristupnosti\/","title":{"rendered":"Vyhl\u00e1senie o pr\u00edstupnosti"},"content":{"rendered":"\t\t<div data-elementor-type=\"wp-page\" data-elementor-id=\"583\" class=\"elementor elementor-583\" data-elementor-post-type=\"page\">\n\t\t\t\t<div class=\"elementor-element elementor-element-96045ab e-flex e-con-boxed e-con e-parent\" data-id=\"96045ab\" data-element_type=\"container\" data-e-type=\"container\">\n\t\t\t\t\t<div class=\"e-con-inner\">\n\t\t\t\t<div class=\"elementor-element elementor-element-36f9d3c elementor-widget elementor-widget-heading\" data-id=\"36f9d3c\" data-element_type=\"widget\" data-e-type=\"widget\" data-widget_type=\"heading.default\">\n\t\t\t\t<div class=\"elementor-widget-container\">\n\t\t\t\t\t<h2 class=\"elementor-heading-title elementor-size-default\">Vyhl\u00e1senie o pr\u00edstupnosti<\/h2>\t\t\t\t<\/div>\n\t\t\t\t<\/div>\n\t\t\t\t<div class=\"elementor-element elementor-element-27abda1 elementor-widget elementor-widget-text-editor\" data-id=\"27abda1\" data-element_type=\"widget\" data-e-type=\"widget\" data-widget_type=\"text-editor.default\">\n\t\t\t\t<div class=\"elementor-widget-container\">\n\t\t\t\t\t\t\t\t\t<p>Aliancia sektorov\u00fdch r\u00e1d m\u00e1 z\u00e1ujem zabezpe\u010di\u0165 pr\u00edstupnos\u0165 svojho webov\u00e9ho s\u00eddla v s\u00falade so z\u00e1konom \u010d. 95\/2019 Z. z. o informa\u010dn\u00fdch technol\u00f3gi\u00e1ch vo verejnej spr\u00e1ve a o zmene a doplnen\u00ed niektor\u00fdch z\u00e1konov v znen\u00ed neskor\u0161\u00edch predpisov (\u010falej len \u201ez\u00e1kon \u010d. 95\/2019 Z. z. o ITVS\u201c) a pr\u00edslu\u0161n\u00fdmi vykon\u00e1vac\u00edmi predpismi.<\/p><p>Toto vyhl\u00e1senie o pr\u00edstupnosti sa vz\u0165ahuje na webov\u00e9 s\u00eddlo\u00a0<em>www.celozivotnakariera.sk<\/em>.<\/p><p><strong>Stav s\u00faladu<\/strong><\/p><p>Toto webov\u00e9 s\u00eddlo je v \u010diasto\u010dnom s\u00falade so z\u00e1konom \u010d. 95\/2019 Z. z. o ITVS a pr\u00edslu\u0161n\u00fdmi vykon\u00e1vac\u00edmi predpismi vzh\u013eadom na prvky nes\u00faladu uveden\u00e9 ni\u017e\u0161ie.<\/p><p><strong>Nepr\u00edstupn\u00fd obsah<\/strong><\/p><p>Obsah uveden\u00fd ni\u017e\u0161ie nie je pr\u00edstupn\u00fd z t\u00fdchto d\u00f4vodov:<\/p><ol><li>Nes\u00falad so smernicou (E\u00da) 2016\/2102 o pr\u00edstupnosti webov\u00fdch s\u00eddel a mobiln\u00fdch aplik\u00e1ci\u00ed subjektov verejn\u00e9ho sektora:<ul><li>Obr\u00e1zky neobsahuj\u00fa alternat\u00edvny text. [Krit\u00e9rium \u00faspe\u0161nosti 1.1.1 Netextov\u00fd obsah]<\/li><li>Niektor\u00e9 nadpisy nie s\u00fa definovan\u00e9 s\u00e9manticky spr\u00e1vne. [Krit\u00e9rium \u00faspe\u0161nosti 1.3.1 Inform\u00e1cie a vz\u00e1jomn\u00e9 vz\u0165ahy]<\/li><li>Ch\u00fdbaj\u00face alebo nespr\u00e1vne definovan\u00e9 atrib\u00faty. [Krit\u00e9rium \u00faspe\u0161nosti 1.3.1 Inform\u00e1cie a vz\u00e1jomn\u00e9 vz\u0165ahy]<\/li><li>Zamerania niektor\u00fdch naviga\u010dn\u00fdch prvkov nemaj\u00fa dostato\u010dn\u00fd kontrast. [Krit\u00e9rium \u00faspe\u0161nosti 1.4.3 Kontrast (minim\u00e1lny)]<\/li><\/ul><\/li><\/ol><p>\u00a0<\/p><p><strong>Vypracovanie tohto vyhl\u00e1senia o pr\u00edstupnosti<\/strong><\/p><p>Toto vyhl\u00e1senie bolo vypracovan\u00e9 30. j\u00fana 2025.<\/p><p>Vyhodnotenie s\u00faladu webov\u00e9ho s\u00eddla s po\u017eiadavkami z\u00e1kona \u010d. 95\/2019 Z. z. o ITVS a pr\u00edslu\u0161n\u00fdmi vykon\u00e1vac\u00edmi predpismi bolo vykonan\u00e9 samohodnoten\u00edm.<\/p><p><strong>Sp\u00e4tn\u00e1 v\u00e4zba a kontaktn\u00e9 inform\u00e1cie<\/strong><\/p><p>V pr\u00edpade ak\u00fdchko\u013evek probl\u00e9mov s pr\u00edstupnos\u0165ou webov\u00e9ho s\u00eddla n\u00e1s, pros\u00edm, kontaktujte na e-mailovej adrese: <a href=\"mailto:info@celozivotnakariera.sk\">info@celozivotnakariera.sk<\/a>. Spr\u00e1vcom a prev\u00e1dzkovate\u013eom webov\u00e9ho s\u00eddla Aliancia sektorov\u00fdch r\u00e1d.<\/p><p><strong>Vynucovacie konanie<\/strong><\/p><p>V pr\u00edpade neuspokojivej odpovede na ozn\u00e1menie nes\u00faladu webov\u00e9ho s\u00eddla\/mobilnej aplik\u00e1cie s pravidlami pr\u00edstupnosti pod\u013ea \u00a7 14 vyhl\u00e1\u0161ky \u00daradu podpredsedu vl\u00e1dy Slovenskej republiky pre invest\u00edcie a informatiz\u00e1ciu \u010d. 78\/2020 Z. z. o \u0161tandardoch pre informa\u010dn\u00e9 technol\u00f3gie verejnej spr\u00e1vy v znen\u00ed vyhl\u00e1\u0161ky \u010d. 546\/2021 Z. z. v r\u00e1mci mechanizmu sp\u00e4tnej v\u00e4zby alebo v pr\u00edpade neuspokojivej odpovede na \u017eiados\u0165 o inform\u00e1ciu alebo obsah, ktor\u00fd je vy\u0148at\u00fd z rozsahu p\u00f4sobnosti z\u00e1kona \u010d. 95\/2019 Z. z. o ITVS v r\u00e1mci mechanizmu sp\u00e4tnej v\u00e4zby, sa m\u00f4\u017eete obr\u00e1ti\u0165 na Ministerstvo invest\u00edci\u00ed, region\u00e1lneho rozvoja a informatiz\u00e1cie Slovenskej republiky, ako na subjekt poveren\u00fd presadzovan\u00edm Smernice (E\u00da) 2016\/2102, na adrese:<\/p><p>Ministerstvo invest\u00edci\u00ed, region\u00e1lneho rozvoja a informatiz\u00e1cie Slovenskej republiky<br \/>Pribinova 25<br \/>811 09 Bratislava<\/p><p>alebo na e-mailovej adrese: standard@mirri.gov.sk.<\/p>\t\t\t\t\t\t\t\t<\/div>\n\t\t\t\t<\/div>\n\t\t\t\t\t<\/div>\n\t\t\t\t<\/div>\n\t\t\t\t<\/div>\n\t\t","protected":false},"excerpt":{"rendered":"<p>Vyhl\u00e1senie o pr\u00edstupnosti Aliancia sektorov\u00fdch r\u00e1d m\u00e1 z\u00e1ujem zabezpe\u010di\u0165 pr\u00edstupnos\u0165 svojho webov\u00e9ho s\u00eddla v s\u00falade so z\u00e1konom \u010d. 95\/2019 Z. z. o informa\u010dn\u00fdch technol\u00f3gi\u00e1ch vo verejnej spr\u00e1ve a o zmene a doplnen\u00ed niektor\u00fdch z\u00e1konov v znen\u00ed neskor\u0161\u00edch predpisov (\u010falej len \u201ez\u00e1kon \u010d. 95\/2019 Z. z. o ITVS\u201c) a pr\u00edslu\u0161n\u00fdmi vykon\u00e1vac\u00edmi predpismi. Toto vyhl\u00e1senie o pr\u00edstupnosti [&hellip;]<\/p>\n","protected":false},"author":1,"featured_media":0,"parent":0,"menu_order":0,"comment_status":"closed","ping_status":"closed","template":"","meta":{"footnotes":""},"class_list":["post-583","page","type-page","status-publish","hentry"],"_links":{"self":[{"href":"https:\/\/www.celozivotnakariera.sk\/index.php\/wp-json\/wp\/v2\/pages\/583","targetHints":{"allow":["GET"]}}],"collection":[{"href":"https:\/\/www.celozivotnakariera.sk\/index.php\/wp-json\/wp\/v2\/pages"}],"about":[{"href":"https:\/\/www.celozivotnakariera.sk\/index.php\/wp-json\/wp\/v2\/types\/page"}],"author":[{"embeddable":true,"href":"https:\/\/www.celozivotnakariera.sk\/index.php\/wp-json\/wp\/v2\/users\/1"}],"replies":[{"embeddable":true,"href":"https:\/\/www.celozivotnakariera.sk\/index.php\/wp-json\/wp\/v2\/comments?post=583"}],"version-history":[{"count":10,"href":"https:\/\/www.celozivotnakariera.sk\/index.php\/wp-json\/wp\/v2\/pages\/583\/revisions"}],"predecessor-version":[{"id":848,"href":"https:\/\/www.celozivotnakariera.sk\/index.php\/wp-json\/wp\/v2\/pages\/583\/revisions\/848"}],"wp:attachment":[{"href":"https:\/\/www.celozivotnakariera.sk\/index.php\/wp-json\/wp\/v2\/media?parent=583"}],"curies":[{"name":"wp","href":"https:\/\/api.w.org\/{rel}","templated":true}]}}